{"id":275,"date":"2023-01-03T01:17:36","date_gmt":"2023-01-03T01:17:36","guid":{"rendered":"https:\/\/owlsynthesis.com\/?page_id=275"},"modified":"2023-01-30T12:22:55","modified_gmt":"2023-01-30T12:22:55","slug":"home","status":"publish","type":"page","link":"https:\/\/owlsynthesis.com\/","title":{"rendered":"Home"},"content":{"rendered":"<p>[et_pb_section fb_built=&#8221;1&#8243; admin_label=&#8221;Header&#8221; _builder_version=&#8221;4.19.4&#8243; _module_preset=&#8221;default&#8221; background_color=&#8221;#92a5ab&#8221; background_image=&#8221;https:\/\/owlsynthesis.com\/wp-content\/uploads\/2023\/01\/estate-planning-79.png&#8221; custom_padding=&#8221;||0px||false|false&#8221; global_colors_info=&#8221;{%22gcid-af512a5f-530a-4e80-bfc4-3632d9174c8b%22:%91%93}&#8221;][et_pb_row column_structure=&#8221;1_2,1_2&#8243; _builder_version=&#8221;4.19.4&#8243; _module_preset=&#8221;default&#8221; global_colors_info=&#8221;{}&#8221;][et_pb_column type=&#8221;1_2&#8243; _builder_version=&#8221;4.19.4&#8243; _module_preset=&#8221;default&#8221; global_colors_info=&#8221;{}&#8221;][et_pb_divider color=&#8221;#000000&#8243; divider_weight=&#8221;5px&#8221; _builder_version=&#8221;4.16&#8243; _module_preset=&#8221;default&#8221; max_width=&#8221;50px&#8221; custom_margin=&#8221;||0px||false|false&#8221; locked=&#8221;off&#8221; global_colors_info=&#8221;{}&#8221;][\/et_pb_divider][et_pb_text _builder_version=&#8221;4.19.4&#8243; _module_preset=&#8221;b3e3ff14-5f5c-4608-8ecf-1885ce3da7aa&#8221; header_font=&#8221;Teko|600|||||||&#8221; header_text_color=&#8221;#000000&#8243; header_font_size=&#8221;84px&#8221; header_line_height=&#8221;1.1em&#8221; custom_margin=&#8221;||10px||false|false&#8221; header_font_size_tablet=&#8221;40px&#8221; header_font_size_phone=&#8221;40px&#8221; header_font_size_last_edited=&#8221;on|desktop&#8221; locked=&#8221;off&#8221; global_colors_info=&#8221;{}&#8221;]<\/p>\n<h1>O nama<\/h1>\n<p>[\/et_pb_text][et_pb_image src=&#8221;https:\/\/owlsynthesis.com\/wp-content\/uploads\/2023\/01\/marketing-01.png&#8221; title_text=&#8221;marketing 01&#8243; _builder_version=&#8221;4.19.4&#8243; _module_preset=&#8221;default&#8221; global_colors_info=&#8221;{}&#8221;][\/et_pb_image][\/et_pb_column][et_pb_column type=&#8221;1_2&#8243; _builder_version=&#8221;4.16&#8243; _module_preset=&#8221;default&#8221; custom_padding=&#8221;40px|||80px|false|false&#8221; custom_padding_tablet=&#8221;0px|||0px|false|false&#8221; custom_padding_phone=&#8221;&#8221; custom_padding_last_edited=&#8221;on|tablet&#8221; global_colors_info=&#8221;{}&#8221;][et_pb_text _builder_version=&#8221;4.19.4&#8243; _module_preset=&#8221;da86b6f0-f83c-4c7c-bdd8-3019777ddffe&#8221; text_font=&#8221;Roboto Mono||||||||&#8221; text_text_color=&#8221;#000000&#8243; text_line_height=&#8221;1.6em&#8221; header_font=&#8221;Roboto Mono|700|||||||&#8221; header_line_height=&#8221;1.5em&#8221; width_tablet=&#8221;&#8221; width_phone=&#8221;82%&#8221; width_last_edited=&#8221;on|phone&#8221; max_width=&#8221;87%&#8221; module_alignment=&#8221;center&#8221; min_height=&#8221;583.7px&#8221; height=&#8221;537px&#8221; height_tablet=&#8221;537px&#8221; height_phone=&#8221;598px&#8221; height_last_edited=&#8221;on|phone&#8221; max_height=&#8221;519px&#8221; max_height_tablet=&#8221;519px&#8221; max_height_phone=&#8221;587px&#8221; max_height_last_edited=&#8221;on|phone&#8221; custom_margin=&#8221;|||60px||&#8221; custom_margin_tablet=&#8221;|||60px||&#8221; custom_margin_phone=&#8221;||-15px||false|false&#8221; custom_margin_last_edited=&#8221;on|phone&#8221; custom_padding=&#8221;3px|||||&#8221; text_font_size_tablet=&#8221;15px&#8221; text_font_size_phone=&#8221;14px&#8221; text_font_size_last_edited=&#8221;on|desktop&#8221; header_font_size_tablet=&#8221;&#8221; header_font_size_phone=&#8221;10px&#8221; header_font_size_last_edited=&#8221;on|phone&#8221; header_line_height_tablet=&#8221;1.5em&#8221; header_line_height_phone=&#8221;2.4em&#8221; header_line_height_last_edited=&#8221;on|phone&#8221; locked=&#8221;off&#8221; global_colors_info=&#8221;{}&#8221;]<\/p>\n<h1><span style=\"font-size: x-large;\"><strong>OWL synthesis<\/strong> je kreativni tim za grafi\u010dki dizajn i digitalni marketing.\u00a0<\/span><\/h1>\n<h1><span style=\"font-size: x-large;\">Klijentima nudimo profesionalnu uslugu i kvalitetna dizajnerska re\u0161enja, <\/span><span style=\"font-size: x-large;\">kako u \u0161tampanim, tako i u digitalnim medijima.<\/span><\/h1>\n<p>[\/et_pb_text][\/et_pb_column][\/et_pb_row][\/et_pb_section][et_pb_section fb_built=&#8221;1&#8243; custom_padding_last_edited=&#8221;on|desktop&#8221; admin_label=&#8221;About&#8221; _builder_version=&#8221;4.19.4&#8243; _module_preset=&#8221;default&#8221; background_color=&#8221;#e8e8e9&#8243; width=&#8221;100%&#8221; max_width=&#8221;100%&#8221; module_alignment=&#8221;center&#8221; min_height=&#8221;100%&#8221; min_height_tablet=&#8221;100%&#8221; min_height_phone=&#8221;100%&#8221; min_height_last_edited=&#8221;on|phone&#8221; height=&#8221;100%&#8221; custom_margin=&#8221;-2px||1px||false|false&#8221; custom_margin_tablet=&#8221;-2px||35px||false|false&#8221; custom_margin_phone=&#8221;38px||62px||false|false&#8221; custom_margin_last_edited=&#8221;on|phone&#8221; custom_padding=&#8221;0vw||0px||false|false&#8221; custom_padding_tablet=&#8221;0vw||0px||false|false&#8221; custom_padding_phone=&#8221;12vw||70px||false|false&#8221; global_colors_info=&#8221;{}&#8221;][et_pb_row custom_padding_last_edited=&#8221;on|desktop&#8221; _builder_version=&#8221;4.19.4&#8243; _module_preset=&#8221;default&#8221; custom_margin_tablet=&#8221;&#8221; custom_margin_phone=&#8221;&#8221; custom_margin_last_edited=&#8221;on|desktop&#8221; custom_padding=&#8221;55px||||false|false&#8221; custom_padding_tablet=&#8221;&#8221; custom_padding_phone=&#8221;0px||||false|false&#8221; global_colors_info=&#8221;{}&#8221;][et_pb_column type=&#8221;4_4&#8243; _builder_version=&#8221;4.16&#8243; _module_preset=&#8221;default&#8221; global_colors_info=&#8221;{}&#8221;][et_pb_text _builder_version=&#8221;4.19.4&#8243; _module_preset=&#8221;90865f4d-2cce-42a7-b40e-d3fbad25605a&#8221; text_font=&#8221;Aldrich||||||||&#8221; header_2_font=&#8221;Teko|600|||||||&#8221; header_2_text_color=&#8221;gcid-79def3cd-ef2c-433b-92d7-1236381cb653&#8243; header_2_font_size=&#8221;72px&#8221; header_2_line_height=&#8221;1.2em&#8221; text_orientation=&#8221;center&#8221; max_width=&#8221;700px&#8221; module_alignment=&#8221;center&#8221; custom_margin=&#8221;||10px||false|false&#8221; header_2_font_size_tablet=&#8221;32px&#8221; header_2_font_size_phone=&#8221;36px&#8221; header_2_font_size_last_edited=&#8221;on|phone&#8221; locked=&#8221;off&#8221; global_colors_info=&#8221;{%22gcid-79def3cd-ef2c-433b-92d7-1236381cb653%22:%91%22header_2_text_color%22%93}&#8221;]<\/p>\n<h2>\u010cime se bavimo<\/h2>\n<p>[\/et_pb_text][et_pb_text _builder_version=&#8221;4.19.4&#8243; _module_preset=&#8221;da86b6f0-f83c-4c7c-bdd8-3019777ddffe&#8221; text_font=&#8221;Roboto Mono||||||||&#8221; text_text_color=&#8221;#000000&#8243; text_font_size=&#8221;16px&#8221; text_line_height=&#8221;1.6em&#8221; header_font=&#8221;Roboto Mono|700|||||||&#8221; z_index=&#8221;1&#8243; max_width=&#8221;700px&#8221; module_alignment=&#8221;center&#8221; text_font_size_tablet=&#8221;15px&#8221; text_font_size_phone=&#8221;14px&#8221; text_font_size_last_edited=&#8221;on|desktop&#8221; global_colors_info=&#8221;{}&#8221;]<\/p>\n<p><strong>GRAFI\u010cKI DIZAJN<\/strong><\/p>\n<p>Grafi\u010dki dizajn\u00a0je, ukratko re\u010deno, \u201eumetnost ili ve\u0161tina kombinovanja teksta i slika u reklamama, magazinima i knjigama\u201c.<\/p>\n<p>Me\u0111utim, \u0161ire posmatrano, grafi\u010dki dizajn je veoma prisutan u sva\u010dijem \u017eivotu i svaki pametan biznismen ili vlasnik bloga (sajta) treba da razmotri korisnost grafi\u010dkog dizajna u svom marketingu.<\/p>\n<p>To je sredstvo komunikacije, jedinstven i upe\u010datljiv na\u010din da se do\u0111e do potro\u0161a\u010da i internet korisnika, bez obzira na to da li prodajete proizvod, najavljujete doga\u0111aj ili \u017eelite da privu\u010dete pretplatnike.<\/p>\n<p>[\/et_pb_text][et_pb_image src=&#8221;https:\/\/owlsynthesis.com\/wp-content\/uploads\/2023\/01\/raketa.png&#8221; title_text=&#8221;raketa&#8221; align=&#8221;center&#8221; _builder_version=&#8221;4.19.4&#8243; _module_preset=&#8221;default&#8221; transform_scale=&#8221;48%|48%&#8221; width=&#8221;32%&#8221; width_tablet=&#8221;32%&#8221; width_phone=&#8221;100%&#8221; width_last_edited=&#8221;on|phone&#8221; max_width=&#8221;100%&#8221; max_width_tablet=&#8221;100%&#8221; max_width_phone=&#8221;100%&#8221; max_width_last_edited=&#8221;on|phone&#8221; module_alignment=&#8221;left&#8221; custom_margin=&#8221;-154px||-190px||false|false&#8221; custom_margin_tablet=&#8221;-154px||-190px||false|false&#8221; custom_margin_phone=&#8221;-142px||-97px||false|false&#8221; custom_margin_last_edited=&#8221;on|phone&#8221; global_colors_info=&#8221;{}&#8221;][\/et_pb_image][et_pb_text _builder_version=&#8221;4.19.4&#8243; _module_preset=&#8221;da86b6f0-f83c-4c7c-bdd8-3019777ddffe&#8221; text_font=&#8221;Roboto Mono||||||||&#8221; text_text_color=&#8221;#000000&#8243; text_font_size=&#8221;16px&#8221; text_line_height=&#8221;1.6em&#8221; header_font=&#8221;Roboto Mono|700|||||||&#8221; z_index=&#8221;1&#8243; max_width=&#8221;700px&#8221; module_alignment=&#8221;center&#8221; text_font_size_tablet=&#8221;15px&#8221; text_font_size_phone=&#8221;14px&#8221; text_font_size_last_edited=&#8221;on|desktop&#8221; global_colors_info=&#8221;{}&#8221;]<\/p>\n<p class=\"dark-letter\"><strong>IZRADA SAJTOVA<\/strong><\/p>\n<p class=\"dark-letter\">Upoznavanjem Vas i Va\u0161eg biznisa, pravimo dizajn za Va\u0161 web sajt po Va\u0161oj meri, koji \u0107e zahvaljuju\u0107i spoju vizualnog u\u017eitka i funkcionalnosti predstaviti delatnost kojom se bavite na najbolji na\u010din.<\/p>\n<p class=\"dark-letter\">Koristimo WordPress koji je najpopularnija CMS platforma na svetu u ovom trenutku. WordPress je jako brzo je do\u0161ao do vi\u0161e miliona korisnika jer omogu\u0107ava brzu i laku izmenu podataka na web sajtu bez programerskog predznanja i danas ovu platformu koristi vi\u0161e od 80% svih web sajtova na Internetu!<\/p>\n<p>[\/et_pb_text][et_pb_image src=&#8221;https:\/\/owlsynthesis.com\/wp-content\/uploads\/2022\/12\/zvr-03.png&#8221; title_text=&#8221;zvr 03&#8243; align=&#8221;center&#8221; _builder_version=&#8221;4.19.4&#8243; _module_preset=&#8221;default&#8221; transform_scale=&#8221;15%|15%&#8221; custom_margin=&#8221;-47px||-77px||false|false&#8221; custom_margin_tablet=&#8221;-47px||-77px||false|false&#8221; custom_margin_phone=&#8221;-48px||-27px||false|false&#8221; custom_margin_last_edited=&#8221;on|phone&#8221; custom_padding=&#8221;||0px||false|false&#8221; global_colors_info=&#8221;{}&#8221;][\/et_pb_image][et_pb_text _builder_version=&#8221;4.19.4&#8243; _module_preset=&#8221;da86b6f0-f83c-4c7c-bdd8-3019777ddffe&#8221; text_font=&#8221;Roboto Mono||||||||&#8221; text_text_color=&#8221;#000000&#8243; text_font_size=&#8221;16px&#8221; text_line_height=&#8221;1.6em&#8221; header_font=&#8221;Roboto Mono|700|||||||&#8221; z_index=&#8221;1&#8243; max_width=&#8221;700px&#8221; module_alignment=&#8221;center&#8221; text_font_size_tablet=&#8221;15px&#8221; text_font_size_phone=&#8221;14px&#8221; text_font_size_last_edited=&#8221;on|phone&#8221; global_colors_info=&#8221;{}&#8221;]<\/p>\n<p><strong>DIGITALNI MARKETING<\/strong><\/p>\n<p class=\"dark-letter\">Digitalni marketing je oblast marketinga koja se prevashodno bavi kreiranjem online strategije u cilju brendiranja i pospe\u0161ivanja vidljivosti digitalnog brenda\/identiteta neke kompanije na Internetu.<\/p>\n<p class=\"dark-letter\">S obzirom na to da 80% ljudi ima pristup Internetu i da svoje vreme provodi za ra\u010dunarima i smart telefonima, \u0161to u poslovne, \u0161to u privatne svrhe, i ne \u010dudi \u010dinjenica da je ova oblast marketinga postala tra\u017eenija i od klasi\u010dnog marketinga.<\/p>\n<p class=\"dark-letter\"><strong class=\"dark-letter\">Ako Vas nema na Internetu, kao da ne postojite!<\/strong><\/p>\n<p>[\/et_pb_text][et_pb_image src=&#8221;https:\/\/owlsynthesis.com\/wp-content\/uploads\/2023\/01\/estate-planning-36.png&#8221; title_text=&#8221;estate-planning-36&#8243; align=&#8221;right&#8221; _builder_version=&#8221;4.19.4&#8243; _module_preset=&#8221;default&#8221; custom_margin=&#8221;-384px||||false|false&#8221; custom_padding=&#8221;||46px||false|false&#8221; scroll_vertical_motion_enable=&#8221;on&#8221; scroll_vertical_motion=&#8221;0|70|70|100|2|0|-1&#8243; scroll_vertical_motion_tablet=&#8221;&#8221; scroll_vertical_motion_phone=&#8221;0|100|100|100|2|0|0&#8243; scroll_vertical_motion_last_edited=&#8221;on|phone&#8221; global_colors_info=&#8221;{}&#8221;][\/et_pb_image][\/et_pb_column][\/et_pb_row][\/et_pb_section][et_pb_section fb_built=&#8221;1&#8243; make_equal=&#8221;on&#8221; use_custom_gutter=&#8221;on&#8221; specialty=&#8221;on&#8221; background_color_1=&#8221;RGBA(255,255,255,0)&#8221; bg_img_2=&#8221;https:\/\/owlsynthesis.com\/wp-content\/uploads\/2022\/12\/estate-planning-71.png&#8221; padding_top_1=&#8221;7px&#8221; padding_top_2=&#8221;0px&#8221; padding_right_1=&#8221;16px&#8221; padding_right_2=&#8221;30px&#8221; padding_bottom_1=&#8221;7px&#8221; padding_bottom_2=&#8221;0px&#8221; padding_left_1=&#8221;16px&#8221; padding_left_2=&#8221;30px&#8221; padding_top_bottom_link_1=&#8221;true&#8221; padding_top_bottom_link_2=&#8221;true&#8221; padding_left_right_link_1=&#8221;true&#8221; padding_left_right_link_2=&#8221;true&#8221; padding_1_tablet=&#8221;40px|30px|40px|30px|true|true&#8221; padding_1_phone=&#8221;|20px||20px|false|true&#8221; padding_1_last_edited=&#8221;on|tablet&#8221; admin_label=&#8221;Footer&#8221; _builder_version=&#8221;4.19.4&#8243; _module_preset=&#8221;default&#8221; use_background_color_gradient=&#8221;on&#8221; background_color_gradient_direction=&#8221;90deg&#8221; background_color_gradient_stops=&#8221;rgba(0,0,0,0.85) 10%|rgba(0,0,0,0.35) 100%&#8221; background_color_gradient_overlays_image=&#8221;on&#8221; background_color_gradient_start=&#8221;rgba(0,0,0,0.85)&#8221; background_color_gradient_start_position=&#8221;10%&#8221; background_color_gradient_end=&#8221;rgba(0,0,0,0.35)&#8221; background_image=&#8221;https:\/\/owlsynthesis.com\/wp-content\/uploads\/2022\/12\/shutterstock_575130685-scaled.jpg&#8221; width=&#8221;100%&#8221; max_width=&#8221;100%&#8221; inner_width=&#8221;100%&#8221; min_height=&#8221;321.4px&#8221; custom_margin=&#8221;||-69px|||&#8221; custom_margin_tablet=&#8221;||-69px|||&#8221; custom_margin_phone=&#8221;||-45px||false|false&#8221; custom_margin_last_edited=&#8221;on|phone&#8221; custom_padding=&#8221;5vw||2vw|17px|false|false&#8221; saved_tabs=&#8221;all&#8221; global_colors_info=&#8221;{}&#8221;][et_pb_column type=&#8221;1_3&#8243; _builder_version=&#8221;4.16&#8243; custom_padding=&#8221;|||&#8221; global_colors_info=&#8221;{}&#8221; custom_padding__hover=&#8221;|||&#8221;][\/et_pb_column][et_pb_column type=&#8221;2_3&#8243; specialty_columns=&#8221;2&#8243; _builder_version=&#8221;4.16&#8243; custom_padding=&#8221;|||&#8221; global_colors_info=&#8221;{}&#8221; custom_padding__hover=&#8221;|||&#8221;][et_pb_row_inner _builder_version=&#8221;4.19.4&#8243; _module_preset=&#8221;default&#8221; global_colors_info=&#8221;{}&#8221;][et_pb_column_inner saved_specialty_column_type=&#8221;2_3&#8243; _builder_version=&#8221;4.19.4&#8243; _module_preset=&#8221;default&#8221; global_colors_info=&#8221;{}&#8221;][et_pb_text _builder_version=&#8221;4.19.4&#8243; _module_preset=&#8221;default&#8221; text_font=&#8221;Roboto Mono||||||||&#8221; text_font_size=&#8221;21px&#8221; header_2_font=&#8221;Teko|600|||||||&#8221; header_2_text_align=&#8221;left&#8221; header_2_text_color=&#8221;#FFFFFF&#8221; header_2_font_size=&#8221;72px&#8221; background_layout=&#8221;dark&#8221; module_alignment=&#8221;left&#8221; header_2_font_size_tablet=&#8221;72px&#8221; header_2_font_size_phone=&#8221;72px&#8221; header_2_font_size_last_edited=&#8221;on|phone&#8221; global_colors_info=&#8221;{}&#8221;]<\/p>\n<h2 style=\"text-align: left;\">Hitno mo\u017ee ugu\u0161iti va\u017eno<\/h2>\n<h3 style=\"text-align: right;\">Marissa Mayer<\/h3>\n<p>[\/et_pb_text][\/et_pb_column_inner][\/et_pb_row_inner][\/et_pb_column][\/et_pb_section][et_pb_section fb_built=&#8221;1&#8243; _builder_version=&#8221;4.19.4&#8243; _module_preset=&#8221;default&#8221; custom_margin=&#8221;19px||||false|false&#8221; custom_margin_tablet=&#8221;19px||||false|false&#8221; custom_margin_phone=&#8221;19px||||false|false&#8221; custom_margin_last_edited=&#8221;on|desktop&#8221; custom_padding=&#8221;0px||||false|false&#8221; global_colors_info=&#8221;{}&#8221;][et_pb_row _builder_version=&#8221;4.19.4&#8243; _module_preset=&#8221;default&#8221; custom_margin=&#8221;||-30px||false|false&#8221; custom_padding=&#8221;||0px||false|false&#8221; global_colors_info=&#8221;{}&#8221;][et_pb_column type=&#8221;4_4&#8243; _builder_version=&#8221;4.19.4&#8243; _module_preset=&#8221;default&#8221; global_colors_info=&#8221;{}&#8221;][et_pb_text _builder_version=&#8221;4.19.4&#8243; _module_preset=&#8221;default&#8221; text_font=&#8221;Roboto Mono||||||||&#8221; text_font_size=&#8221;15px&#8221; custom_margin=&#8221;-17px||-73px||false|false&#8221; custom_padding=&#8221;0px|0px|0px|0px|false|false&#8221; global_colors_info=&#8221;{}&#8221;]<\/p>\n<p style=\"text-align: center;\">Dizajn: OWLsynthesis<\/p>\n<p>[\/et_pb_text][\/et_pb_column][\/et_pb_row][\/et_pb_section]<\/p>\n","protected":false},"excerpt":{"rendered":"<p>O namaOWL synthesis je kreativni tim za grafi\u010dki dizajn i digitalni marketing.\u00a0 Klijentima nudimo profesionalnu uslugu i kvalitetna dizajnerska re\u0161enja, kako u \u0161tampanim, tako i u digitalnim medijima.\u010cime se bavimoGRAFI\u010cKI DIZAJN Grafi\u010dki dizajn\u00a0je, ukratko re\u010deno, \u201eumetnost ili ve\u0161tina kombinovanja teksta i slika u reklamama, magazinima i knjigama\u201c. Me\u0111utim, \u0161ire posmatrano, grafi\u010dki dizajn je veoma prisutan [&hellip;]<\/p>\n","protected":false},"author":1,"featured_media":0,"parent":0,"menu_order":0,"comment_status":"closed","ping_status":"closed","template":"","meta":{"_et_pb_use_builder":"on","_et_pb_old_content":"","_et_gb_content_width":"","footnotes":""},"class_list":["post-275","page","type-page","status-publish","hentry"],"yoast_head":"<!-- This site is optimized with the Yoast SEO plugin v21.7 - https:\/\/yoast.com\/wordpress\/plugins\/seo\/ -->\n<title>Home - OWL synthesis<\/title>\n<meta name=\"robots\" content=\"index, follow, max-snippet:-1, max-image-preview:large, max-video-preview:-1\" \/>\n<link rel=\"canonical\" href=\"https:\/\/owlsynthesis.com\/\" \/>\n<meta property=\"og:locale\" content=\"en_US\" \/>\n<meta property=\"og:type\" content=\"article\" \/>\n<meta property=\"og:title\" content=\"Home - OWL synthesis\" \/>\n<meta property=\"og:description\" content=\"O namaOWL synthesis je kreativni tim za grafi\u010dki dizajn i digitalni marketing.\u00a0 Klijentima nudimo profesionalnu uslugu i kvalitetna dizajnerska re\u0161enja, kako u \u0161tampanim, tako i u digitalnim medijima.\u010cime se bavimoGRAFI\u010cKI DIZAJN Grafi\u010dki dizajn\u00a0je, ukratko re\u010deno, \u201eumetnost ili ve\u0161tina kombinovanja teksta i slika u reklamama, magazinima i knjigama\u201c. Me\u0111utim, \u0161ire posmatrano, grafi\u010dki dizajn je veoma prisutan [&hellip;]\" \/>\n<meta property=\"og:url\" content=\"https:\/\/owlsynthesis.com\/\" \/>\n<meta property=\"og:site_name\" content=\"OWL synthesis\" \/>\n<meta property=\"article:modified_time\" content=\"2023-01-30T12:22:55+00:00\" \/>\n<meta name=\"twitter:card\" content=\"summary_large_image\" \/>\n<meta name=\"twitter:label1\" content=\"Est. reading time\" \/>\n\t<meta name=\"twitter:data1\" content=\"9 minutes\" \/>\n<script type=\"application\/ld+json\" class=\"yoast-schema-graph\">{\"@context\":\"https:\/\/schema.org\",\"@graph\":[{\"@type\":\"WebPage\",\"@id\":\"https:\/\/owlsynthesis.com\/\",\"url\":\"https:\/\/owlsynthesis.com\/\",\"name\":\"Home - OWL synthesis\",\"isPartOf\":{\"@id\":\"https:\/\/owlsynthesis.com\/#website\"},\"datePublished\":\"2023-01-03T01:17:36+00:00\",\"dateModified\":\"2023-01-30T12:22:55+00:00\",\"breadcrumb\":{\"@id\":\"https:\/\/owlsynthesis.com\/#breadcrumb\"},\"inLanguage\":\"en-US\",\"potentialAction\":[{\"@type\":\"ReadAction\",\"target\":[\"https:\/\/owlsynthesis.com\/\"]}]},{\"@type\":\"BreadcrumbList\",\"@id\":\"https:\/\/owlsynthesis.com\/#breadcrumb\",\"itemListElement\":[{\"@type\":\"ListItem\",\"position\":1,\"name\":\"Home\",\"item\":\"https:\/\/owlsynthesis.com\/\"},{\"@type\":\"ListItem\",\"position\":2,\"name\":\"Home\"}]},{\"@type\":\"WebSite\",\"@id\":\"https:\/\/owlsynthesis.com\/#website\",\"url\":\"https:\/\/owlsynthesis.com\/\",\"name\":\"OWL synthesis\",\"description\":\"kreativnost na delu\",\"potentialAction\":[{\"@type\":\"SearchAction\",\"target\":{\"@type\":\"EntryPoint\",\"urlTemplate\":\"https:\/\/owlsynthesis.com\/?s={search_term_string}\"},\"query-input\":\"required name=search_term_string\"}],\"inLanguage\":\"en-US\"}]}<\/script>\n<!-- \/ Yoast SEO plugin. -->","yoast_head_json":{"title":"Home - OWL synthesis","robots":{"index":"index","follow":"follow","max-snippet":"max-snippet:-1","max-image-preview":"max-image-preview:large","max-video-preview":"max-video-preview:-1"},"canonical":"https:\/\/owlsynthesis.com\/","og_locale":"en_US","og_type":"article","og_title":"Home - OWL synthesis","og_description":"O namaOWL synthesis je kreativni tim za grafi\u010dki dizajn i digitalni marketing.\u00a0 Klijentima nudimo profesionalnu uslugu i kvalitetna dizajnerska re\u0161enja, kako u \u0161tampanim, tako i u digitalnim medijima.\u010cime se bavimoGRAFI\u010cKI DIZAJN Grafi\u010dki dizajn\u00a0je, ukratko re\u010deno, \u201eumetnost ili ve\u0161tina kombinovanja teksta i slika u reklamama, magazinima i knjigama\u201c. Me\u0111utim, \u0161ire posmatrano, grafi\u010dki dizajn je veoma prisutan [&hellip;]","og_url":"https:\/\/owlsynthesis.com\/","og_site_name":"OWL synthesis","article_modified_time":"2023-01-30T12:22:55+00:00","twitter_card":"summary_large_image","twitter_misc":{"Est. reading time":"9 minutes"},"schema":{"@context":"https:\/\/schema.org","@graph":[{"@type":"WebPage","@id":"https:\/\/owlsynthesis.com\/","url":"https:\/\/owlsynthesis.com\/","name":"Home - OWL synthesis","isPartOf":{"@id":"https:\/\/owlsynthesis.com\/#website"},"datePublished":"2023-01-03T01:17:36+00:00","dateModified":"2023-01-30T12:22:55+00:00","breadcrumb":{"@id":"https:\/\/owlsynthesis.com\/#breadcrumb"},"inLanguage":"en-US","potentialAction":[{"@type":"ReadAction","target":["https:\/\/owlsynthesis.com\/"]}]},{"@type":"BreadcrumbList","@id":"https:\/\/owlsynthesis.com\/#breadcrumb","itemListElement":[{"@type":"ListItem","position":1,"name":"Home","item":"https:\/\/owlsynthesis.com\/"},{"@type":"ListItem","position":2,"name":"Home"}]},{"@type":"WebSite","@id":"https:\/\/owlsynthesis.com\/#website","url":"https:\/\/owlsynthesis.com\/","name":"OWL synthesis","description":"kreativnost na delu","potentialAction":[{"@type":"SearchAction","target":{"@type":"EntryPoint","urlTemplate":"https:\/\/owlsynthesis.com\/?s={search_term_string}"},"query-input":"required name=search_term_string"}],"inLanguage":"en-US"}]}},"_links":{"self":[{"href":"https:\/\/owlsynthesis.com\/index.php\/wp-json\/wp\/v2\/pages\/275","targetHints":{"allow":["GET"]}}],"collection":[{"href":"https:\/\/owlsynthesis.com\/index.php\/wp-json\/wp\/v2\/pages"}],"about":[{"href":"https:\/\/owlsynthesis.com\/index.php\/wp-json\/wp\/v2\/types\/page"}],"author":[{"embeddable":true,"href":"https:\/\/owlsynthesis.com\/index.php\/wp-json\/wp\/v2\/users\/1"}],"replies":[{"embeddable":true,"href":"https:\/\/owlsynthesis.com\/index.php\/wp-json\/wp\/v2\/comments?post=275"}],"version-history":[{"count":61,"href":"https:\/\/owlsynthesis.com\/index.php\/wp-json\/wp\/v2\/pages\/275\/revisions"}],"predecessor-version":[{"id":529,"href":"https:\/\/owlsynthesis.com\/index.php\/wp-json\/wp\/v2\/pages\/275\/revisions\/529"}],"wp:attachment":[{"href":"https:\/\/owlsynthesis.com\/index.php\/wp-json\/wp\/v2\/media?parent=275"}],"curies":[{"name":"wp","href":"https:\/\/api.w.org\/{rel}","templated":true}]}}